{"id":6,"date":"2011-01-14T23:12:46","date_gmt":"2011-01-14T23:12:46","guid":{"rendered":"http:\/\/media.elte.hu\/en\/"},"modified":"2016-11-08T19:24:14","modified_gmt":"2016-11-08T19:24:14","slug":"faculty","status":"publish","type":"page","link":"https:\/\/media.elte.hu\/en\/about-the-department\/faculty\/","title":{"rendered":"Faculty"},"content":{"rendered":"<p>Faculty members of the Department of Media and Communication come from diverse disciplinary backgrounds, including media studies, sociology, cultural studies, literary studies, art and philosophy. The department has a vivid research activity and staff members work as editors of prominent journals in their fields, board members of cultural funds and as consultants to cultural projects. The Department also hosts a computer, radio and television lab, where students are assisted by professional staff.<\/p>\n<h3 style=\"clear: both;margin-bottom: 20px;margin-top: 20px\">HEAD OF DEPARTMENT<\/h3>\n<div style=\"float: left;width: 200px;height: 150px\">\n<p><a href=\"\/en\/about-the-department\/faculty\/dr-ferenc-hammer\/\"><img decoding=\"async\" class=\"border alignleft\" style=\"margin-bottom: 10px\" title=\"Hammer Ferenc\" src=\"\/images\/oktatok\/th\/hammerferenc.jpg\" alt=\"Hammer Ferenc\" border=\"0\" \/><\/a><\/p>\n<h4 class=\"teacher\" style=\"clear: both\"><a href=\"\/en\/about-the-department\/faculty\/dr-ferenc-hammer\/\">Dr Ferenc Hammer<\/a><\/h4>\n<p>Associate Professor<\/p>\n<\/div>\n<h3 style=\"clear: both;margin-bottom: 20px;padding-top: 30px\">FACULTY MEMBERS<\/h3>\n<div style=\"float: left;width: 200px;height: 150px\">\n<p><a href=\"\/en\/about-the-department\/faculty\/noemi-farkas\/\"><img loading=\"lazy\" decoding=\"async\" class=\"border alignleft\" style=\"margin-bottom: 10px\" title=\"Farkas No\u00e9mi T\u00fcnde\" src=\"\/images\/oktatok\/th\/farkasnoemi.jpg\" alt=\"Farkas No\u00e9mi T\u00fcnde\" width=\"60\" height=\"84\" border=\"0\" \/><\/a><\/p>\n<h4 class=\"teacher\" style=\"clear: both\"><a href=\"\/en\/about-the-department\/faculty\/noemi-farkas\/\">No\u00e9mi T\u00fcnde Farkas<\/a><\/h4>\n<p>Lecturer<\/p>\n<\/div>\n<div style=\"float: left;width: 200px;height: 150px\">\n<p><a href=\"\/en\/about-the-department\/faculty\/dr-agnes-gagyi\/\"><img loading=\"lazy\" decoding=\"async\" class=\"border alignleft\" style=\"margin-bottom: 10px\" title=\"\u00c1gnes Gagyi\" src=\"http:\/\/film.elte.hu\/images\/no-photo-male.jpg\" alt=\"\u00c1gnes Gagyi\" width=\"60\" height=\"84\" border=\"0\" \/><\/a><\/p>\n<h4 class=\"teacher\" style=\"clear: both\"><a href=\"\/en\/about-the-department\/faculty\/dr-agnes-gagyi\/\">\u00c1gnes Gagyi<\/a><\/h4>\n<p>Adjunct Professor<\/p>\n<\/div>\n<div style=\"float: left;width: 200px;height: 150px\">\n<p><a href=\"\/en\/about-the-department\/faculty\/peter-galicza\/\"><img decoding=\"async\" class=\"border alignleft\" style=\"margin-bottom: 10px\" title=\"Galicza P\u00e9ter\" src=\"\/images\/oktatok\/th\/galiczapeter.jpg\" alt=\"Galicza P\u00e9ter\" height=\"60\" border=\"0\" \/><\/a><\/p>\n<h4 class=\"teacher\" style=\"clear: both\"><a href=\"\/en\/about-the-department\/faculty\/peter-galicza\/\">P\u00e9ter Galicza<\/a><\/h4>\n<p>Assistant Professor<\/p>\n<\/div>\n<div style=\"float: left;width: 200px;height: 150px\">\n<p><a href=\"\/en\/about-the-department\/faculty\/dr-anna-gacs\/\"><img decoding=\"async\" class=\"border alignleft\" style=\"margin-bottom: 10px\" title=\"G\u00e1cs Anna\" src=\"\/images\/oktatok\/th\/gacsanna.jpg\" alt=\"G\u00e1cs Anna\" height=\"60\" border=\"0\" \/><\/a><\/p>\n<h4 class=\"teacher\" style=\"clear: both\"><a href=\"\/en\/about-the-department\/faculty\/dr-anna-gacs\/\">Dr Anna G\u00e1cs<\/a><\/h4>\n<p>Associate Professor<\/p>\n<\/div>\n<div style=\"float: left;width: 200px;height: 150px\">\n<p><a href=\"\/en\/about-the-department\/faculty\/dr-peter-gyorgy-dsc\/\"><img decoding=\"async\" class=\"border alignleft\" style=\"margin-bottom: 10px\" title=\"Gy\u00f6rgy P\u00e9ter\" src=\"\/images\/oktatok\/th\/gyorgypeter.jpg\" alt=\"Gy\u00f6rgy P\u00e9ter\" height=\"60\" border=\"0\" \/><\/a><\/p>\n<h4 class=\"teacher\" style=\"clear: both\"><a href=\"\/en\/about-the-department\/faculty\/dr-peter-gyorgy-dsc\/\">Dr P\u00e9ter Gy\u00f6rgy<\/a><\/h4>\n<p>Professor<\/p>\n<\/div>\n<div style=\"float: left;width: 200px;height: 150px\">\n<p><a href=\"\/en\/about-the-department\/faculty\/erno-hajnal\/\"><img decoding=\"async\" class=\"border alignleft\" style=\"margin-bottom: 10px\" title=\"Hajnal Ern\u0151\" src=\"\/images\/oktatok\/th\/hajnalerno.jpg\" alt=\"Hajnal Ern\u0151\" height=\"60\" border=\"0\" \/><\/a><\/p>\n<h4 class=\"teacher\" style=\"clear: both\">Ern\u0151 Hajnal<\/h4>\n<\/div>\n<div style=\"float: left;width: 200px;height: 150px\">\n<p><a href=\"\/en\/about-the-department\/faculty\/dr-henrik-hargitai\/\"><img decoding=\"async\" class=\"border alignleft\" style=\"margin-bottom: 10px\" title=\"Hargitai Henrik\" src=\"\/images\/oktatok\/th\/hargitaihenrik.jpg\" alt=\"Hargitai Henrik\" height=\"60\" border=\"0\" \/><\/a><\/p>\n<h4 class=\"teacher\" style=\"clear: both\"><a href=\"\/en\/about-the-department\/faculty\/dr-henrik-hargitai\/\">Dr Henrik Hargitai<\/a><\/h4>\n<p>Assistant Professor<\/p>\n<\/div>\n<div style=\"float: left;width: 200px;height: 150px\">\n<p><a href=\"\/en\/about-the-department\/faculty\/dr-nikoletta-hazas\/\"><img decoding=\"async\" class=\"border alignleft\" style=\"margin-bottom: 10px\" title=\"H\u00e1zas Nikoletta\" src=\"\/images\/oktatok\/th\/hazasnikoletta.jpg\" alt=\"H\u00e1zas Nikoletta\" height=\"60\" border=\"0\" \/><\/a><\/p>\n<h4 class=\"teacher\" style=\"clear: both\"><a href=\"\/en\/about-the-department\/faculty\/dr-nikoletta-hazas\/\">Dr Nikoletta H\u00e1zas<\/a><\/h4>\n<p>Assistant Professor<\/p>\n<\/div>\n<div style=\"float: left;width: 200px;height: 150px\">\n<p><a href=\"\/en\/about-the-department\/faculty\/tibor-hirsch\/\"><img decoding=\"async\" class=\"border alignleft\" style=\"margin-bottom: 10px\" title=\"Hirsch Tibor\" src=\"\/images\/oktatok\/th\/hirschtibor.jpg\" alt=\"Hirsch Tibor\" height=\"60\" border=\"0\" \/><\/a><\/p>\n<h4 class=\"teacher\" style=\"clear: both\"><a href=\"\/en\/about-the-department\/faculty\/tibor-hirsch\/\">Tibor Hirsch<\/a><\/h4>\n<p>docens<\/p>\n<\/div>\n<div style=\"float: left;width: 200px;height: 150px\">\n<p><a href=\"\/en\/about-the-department\/faculty\/zsolt-k-horvath\/\"><img decoding=\"async\" class=\"border alignleft\" style=\"margin-bottom: 10px\" title=\"K. Horv\u00e1th Zsolt\" src=\"\/images\/oktatok\/th\/khorvathzsolt.jpg\" alt=\"K. Horv\u00e1th Zsolt\" border=\"0\" \/><\/a><\/p>\n<h4 class=\"teacher\" style=\"clear: both\"><a href=\"\/en\/about-the-department\/faculty\/zsolt-k-horvath\/\">Zsolt K. Horv\u00e1th<\/a><\/h4>\n<p>Lecturer<\/p>\n<\/div>\n<div style=\"float: left;width: 200px;height: 150px\">\n<p><a href=\"\/en\/about-the-department\/faculty\/zoltan-korosvolgyi\"><img loading=\"lazy\" decoding=\"async\" class=\"border alignleft\" style=\"margin-bottom: 10px\" title=\"Zolt\u00e1n K\u00f6r\u00f6sv\u00f6lgyi\" src=\"http:\/\/media.elte.hu\/en\/files\/2011\/06\/korosvolgyi_zoltan.jpg\" alt=\"Zolt\u00e1n K\u00f6r\u00f6sv\u00f6lgyi\" width=\"60\" height=\"84\" border=\"0\" \/><\/a><\/p>\n<h4 class=\"teacher\" style=\"clear: both\"><a href=\"\/en\/about-the-department\/faculty\/zoltan-korosvolgyi\">Zolt\u00e1n K\u00f6r\u00f6sv\u00f6lgyi<\/a><\/h4>\n<\/div>\n<div style=\"float: left;width: 200px;height: 150px\">\n<p><a href=\"\/en\/about-the-department\/faculty\/dr-andras-mullner\/\"><img decoding=\"async\" class=\"border alignleft\" style=\"margin-bottom: 10px\" title=\"M\u00fcllner Andr\u00e1s\" src=\"\/images\/oktatok\/th\/mullnerandras.jpg\" alt=\"M\u00fcllner Andr\u00e1s\" height=\"60\" border=\"0\" \/><\/a><\/p>\n<h4 class=\"teacher\" style=\"clear: both\"><a href=\"\/en\/about-the-department\/faculty\/dr-andras-mullner\/\">Dr Andr\u00e1s M\u00fcllner<\/a><\/h4>\n<p>Associate Professor<\/p>\n<\/div>\n<div style=\"float: left;width: 200px;height: 150px\">\n<p><a href=\"\/en\/about-the-department\/faculty\/dr-katalin-orban\/\"><img loading=\"lazy\" decoding=\"async\" class=\"border alignleft\" style=\"margin-bottom: 10px\" title=\"Orb\u00e1n Katalin\" src=\"http:\/\/film.elte.hu\/images\/no-photo-female.jpg\" alt=\"Orb\u00e1n Katalin\" width=\"60\" height=\"84\" border=\"0\" \/><\/a><\/p>\n<h4 class=\"teacher\" style=\"clear: both\"><a href=\"\/en\/about-the-department\/faculty\/dr-katalin-orban\/\">Dr Katalin Orb\u00e1n<\/a><\/h4>\n<p>Assistant Professor<\/p>\n<\/div>\n<div style=\"float: left;width: 200px;height: 150px\">\n<p><a href=\"\/en\/about-the-department\/faculty\/dr-andras-laszlo-pap\/\"><img loading=\"lazy\" decoding=\"async\" class=\"border alignleft\" style=\"margin-bottom: 10px\" title=\"Pap Andr\u00e1s L\u00e1szl\u00f3\" src=\"\/images\/oktatok\/papa.jpg\" alt=\"Pap Andr\u00e1s L\u00e1szl\u00f3\" width=\"60\" height=\"83\" border=\"0\" \/><\/a><\/p>\n<h4 class=\"teacher\" style=\"clear: both\"><a href=\"\/en\/about-the-department\/faculty\/dr-andras-laszlo-pap\/\">Dr Andr\u00e1s L\u00e1szl\u00f3 Pap<\/a><\/h4>\n<p>Associate Professor<\/p>\n<\/div>\n<div style=\"float: left;width: 200px;height: 150px\">\n<p><a href=\"\/en\/about-the-department\/faculty\/dr-lena-pellandini-simanyi\/\"><img loading=\"lazy\" decoding=\"async\" class=\"border alignleft\" style=\"margin-bottom: 10px\" title=\"Pellandini-Sim\u00e1nyi L\u00e9na\" src=\"http:\/\/media.elte.hu\/images\/oktatok\/th\/simanyi_lena.jpg\" alt=\"Pellandini-Sim\u00e1nyi L\u00e9na\" width=\"60\" height=\"84\" border=\"0\" \/><\/a><\/p>\n<h4 class=\"teacher\" style=\"clear: both\"><a href=\"\/en\/about-the-department\/faculty\/dr-lena-pellandini-simanyi\/\">Dr L\u00e9na Pellandini-Sim\u00e1nyi<\/a><\/h4>\n<p>Assistant Professor<\/p>\n<\/div>\n<div style=\"float: left;width: 200px;height: 150px\">\n<p><a href=\"\/en\/about-the-department\/faculty\/dr-mihaly-szilagyi-gal\/\"><img loading=\"lazy\" decoding=\"async\" class=\"border alignleft\" style=\"margin-bottom: 10px\" title=\"Szil\u00e1gyi-G\u00e1l Mih\u00e1ly\" src=\"http:\/\/film.elte.hu\/images\/no-photo-male.jpg\" alt=\"Szil\u00e1gyi-G\u00e1l Mih\u00e1ly\" width=\"60\" height=\"84\" border=\"0\" \/><\/a><\/p>\n<p>&nbsp;<\/p>\n<h4 class=\"teacher\" style=\"clear: both\"><a href=\"\/en\/about-the-department\/faculty\/dr-mihaly-szilagyi-gal\/\">Dr Mih\u00e1ly Szil\u00e1gyi-G\u00e1l<\/a><\/h4>\n<p>Assistant Professor<\/p>\n<\/div>\n","protected":false},"excerpt":{"rendered":"<p>Faculty members of the Department of Media and Communication come from diverse disciplinary backgrounds, including media studies, sociology, cultural studies, literary studies, art and philosophy. The department has a vivid research activity and staff members work as editors of prominent journals in their fields, board members of cultural funds and as consultants to cultural projects&#8230;.<\/p>\n","protected":false},"author":1,"featured_media":0,"parent":4,"menu_order":0,"comment_status":"open","ping_status":"open","template":"","meta":{"_acf_changed":false,"_kad_post_transparent":"","_kad_post_title":"","_kad_post_layout":"","_kad_post_sidebar_id":"","_kad_post_content_style":"","_kad_post_vertical_padding":"","_kad_post_feature":"","_kad_post_feature_position":"","_kad_post_header":false,"_kad_post_footer":false,"_kad_post_classname":"","footnotes":""},"class_list":["post-6","page","type-page","status-publish","hentry"],"acf":[],"builder_content":"","_links":{"self":[{"href":"https:\/\/media.elte.hu\/en\/wp-json\/wp\/v2\/pages\/6","targetHints":{"allow":["GET"]}}],"collection":[{"href":"https:\/\/media.elte.hu\/en\/wp-json\/wp\/v2\/pages"}],"about":[{"href":"https:\/\/media.elte.hu\/en\/wp-json\/wp\/v2\/types\/page"}],"author":[{"embeddable":true,"href":"https:\/\/media.elte.hu\/en\/wp-json\/wp\/v2\/users\/1"}],"replies":[{"embeddable":true,"href":"https:\/\/media.elte.hu\/en\/wp-json\/wp\/v2\/comments?post=6"}],"version-history":[{"count":43,"href":"https:\/\/media.elte.hu\/en\/wp-json\/wp\/v2\/pages\/6\/revisions"}],"predecessor-version":[{"id":548,"href":"https:\/\/media.elte.hu\/en\/wp-json\/wp\/v2\/pages\/6\/revisions\/548"}],"up":[{"embeddable":true,"href":"https:\/\/media.elte.hu\/en\/wp-json\/wp\/v2\/pages\/4"}],"wp:attachment":[{"href":"https:\/\/media.elte.hu\/en\/wp-json\/wp\/v2\/media?parent=6"}],"curies":[{"name":"wp","href":"https:\/\/api.w.org\/{rel}","templated":true}]}}